{"id":31,"date":"2025-04-24T20:24:14","date_gmt":"2025-04-24T20:24:14","guid":{"rendered":"https:\/\/meditationen.mentaltraining.at\/?page_id=31"},"modified":"2025-04-29T17:55:10","modified_gmt":"2025-04-29T17:55:10","slug":"meditationen","status":"publish","type":"page","link":"https:\/\/meditationen.mentaltraining.at\/","title":{"rendered":"Klangr\u00e4ume der Seele"},"content":{"rendered":"\t\t<div data-elementor-type=\"wp-page\" data-elementor-id=\"31\" class=\"elementor elementor-31\">\n\t\t\t\t<div class=\"elementor-element elementor-element-cb87d27 e-flex e-con-boxed e-con e-parent\" data-id=\"cb87d27\" data-element_type=\"container\" data-e-type=\"container\">\n\t\t\t\t\t<div class=\"e-con-inner\">\n\t\t\t\t<div class=\"elementor-element elementor-element-749c721 elementor-widget__width-inherit elementor-widget elementor-widget-html\" data-id=\"749c721\" data-element_type=\"widget\" data-e-type=\"widget\" data-widget_type=\"html.default\">\n\t\t\t\t<div class=\"elementor-widget-container\">\n\t\t\t\t\t\n<div style=\"display: flex; justify-content: center; align-items: center; padding: 40px 0;\">\n  <video autoplay muted playsinline loop style=\"width: 50%; height: auto; border-radius: 12px;\">\n    <source src=\"https:\/\/mentaltraining.at\/wp-content\/uploads\/2025\/04\/Erwin-Adelmann-Homepage-Intro.mp4\" type=\"video\/mp4\">\n    Dein Browser unterst\u00fctzt dieses Video-Format nicht.\n  <\/video>\n<\/div>\n\t\t\t\t<\/div>\n\t\t\t\t<\/div>\n\t\t\t\t\t<\/div>\n\t\t\t\t<\/div>\n\t\t<div class=\"elementor-element elementor-element-39a15db7 e-flex e-con-boxed e-con e-parent\" data-id=\"39a15db7\" data-element_type=\"container\" data-e-type=\"container\">\n\t\t\t\t\t<div class=\"e-con-inner\">\n\t\t\t\t<div class=\"elementor-element elementor-element-7988da8e elementor-widget elementor-widget-text-editor\" data-id=\"7988da8e\" data-element_type=\"widget\" data-e-type=\"widget\" data-widget_type=\"text-editor.default\">\n\t\t\t\t<div class=\"elementor-widget-container\">\n\t\t\t\t\t\t\t\t\t<section style=\"background-color: #f0f4f3; padding: 60px 20px; text-align: center; font-family: 'Open Sans', sans-serif;\"><h2 style=\"font-family: 'Playfair Display', serif; font-size: 36px; color: #006f6a; margin-bottom: 20px;\">\ud83e\uddd8\u200d\u2640\ufe0f Meditationen f\u00fcr deinen Alltag \u2013 bald als MP3 erh\u00e4ltlich<\/h2><h3 style=\"font-family: 'Lora', serif; font-size: 24px; color: #4edad9; margin-bottom: 30px;\">Deine mentale Auszeit \u2013 bald verf\u00fcgbar zum Download<\/h3><p style=\"font-size: 18px; color: #333333; max-width: 800px; margin: 0 auto 20px;\">Kraftvolle innere R\u00e4ume entdecken. Jederzeit. \u00dcberall.<\/p><p style=\"font-size: 18px; color: #333333; max-width: 800px; margin: 0 auto 30px;\">In einer Welt, die oft laut und fordernd ist, braucht es manchmal nur einen Moment der Stille \u2013 einen Anker, der dich mit dir selbst verbindet.<\/p><p style=\"font-size: 18px; color: #333333; max-width: 800px; margin: 0 auto 30px;\">Bald findest du hier gef\u00fchrte Meditationen als MP3 zum Download, die dich in deinem Alltag begleiten: beruhigend, kl\u00e4rend, st\u00e4rkend.<\/p><div style=\"font-size: 18px; color: #333333; max-width: 800px; margin: 0 auto 30px; text-align: left;\"><p>\ud83c\udfa7 <strong>Was dich erwartet:<\/strong><\/p><ul style=\"padding-left: 20px;\"><li>Gef\u00fchrte Meditationen f\u00fcr Entspannung, Selbstvertrauen und inneres Gleichgewicht<\/li><li>Autogenes Training in modernen Varianten \u2013 von klassisch bis hypnosystemisch<\/li><li>Inner Game Impulse f\u00fcr gezielte Ressourcenaktivierung<\/li><li>Stimmlich achtsam gestaltet \u2013 gesprochen mit B\u00fchnen- und Mentaltrainingserfahrung<\/li><li>Ideal f\u00fcr Coaches, Klienten &amp; Menschen in Heilberufen, die sich selbst tiefer begegnen m\u00f6chten<\/li><\/ul><\/div><div style=\"font-size: 18px; color: #333333; max-width: 800px; margin: 0 auto 30px; text-align: left;\"><p>\ud83d\udd1c <strong>Demn\u00e4chst verf\u00fcgbar \u2013 als digitale Downloads:<\/strong><\/p><ul style=\"padding-left: 20px;\"><li>Innere Ruhe auf Knopfdruck<\/li><li>Mein sicherer Ort \u2013 hypnosystemisch &amp; tief entspannend<\/li><li>Starke Stimme \u2013 starkes Ich<\/li><li>Abschalten &amp; Auftanken \u2013 Abendmeditation<\/li><li>Ich bin genug \u2013 Selbstwert-Meditation<\/li><\/ul><\/div><p style=\"font-size: 18px; color: #333333; max-width: 800px; margin: 0 auto 30px;\">Alle Meditationen werden im MP3-Format erh\u00e4ltlich sein \u2013\u00a0<\/p><p style=\"font-size: 18px; color: #333333; max-width: 800px; margin: 0 auto 30px;\">einfach downloaden, anh\u00f6ren und tief eintauchen.<\/p><p style=\"font-size: 18px; color: #333333; max-width: 800px; margin: 0 auto 30px;\">\ud83d\udcac <strong>Warum gef\u00fchrte Meditationen?<\/strong><br \/>Meditation ist mehr als Entspannung \u2013 sie ist eine t\u00e4gliche Einladung, dich selbst wieder zu sp\u00fcren.<br \/>Ob vor wichtigen Gespr\u00e4chen, in Momenten der Unruhe oder als Abendritual \u2013 deine Stimme im Inneren verdient Aufmerksamkeit, Pflege und F\u00fchrung.<\/p><p style=\"font-size: 18px; color: #333333; max-width: 800px; margin: 0 auto 40px;\">\ud83d\udce9 <strong>Bleib informiert \u2013 sei unter den Ersten:<\/strong><br \/>Trage dich gerne in meinen Newsletter ein und erfahre:<br \/>wann die MP3s live gehen, welche Specials und Einf\u00fchrungspakete es gibt,<br \/>und wie du dir kostenfreie Meditationen sichern kannst.<\/p><p><a style=\"display: inline-block; background-color: #b65c43; color: white; padding: 10px 24px; font-size: 16px; font-family: 'Montserrat', sans-serif; border-radius: 40px; text-decoration: none; box-shadow: 0 4px 16px rgba(0, 0, 0, 0.08); transition: all 0.3s ease; letter-spacing: 0.4px; border: 2px solid transparent;\" href=\"https:\/\/mentaltraining.at\/newsletter\" target=\"_blank\" rel=\"noopener\">\u2728 Jetzt eintragen &amp; informiert werden<br \/><\/a><\/p><p><!-- BUTTON HOVER STYLE --><\/p><style>\n    a:hover {<br \/>\n      background-color: #8e9d9a;<br \/>\n      color: white;<br \/>\n      transform: translateY(-2px);<br \/>\n      box-shadow: 0 8px 18px rgba(0, 0, 0, 0.12);<br \/>\n    }<br \/>\n  <\/style><\/section>\t\t\t\t\t\t\t\t<\/div>\n\t\t\t\t<\/div>\n\t\t\t\t\t<\/div>\n\t\t\t\t<\/div>\n\t\t<div class=\"elementor-element elementor-element-fbc70e5 e-flex e-con-boxed e-con e-parent\" data-id=\"fbc70e5\" data-element_type=\"container\" data-e-type=\"container\">\n\t\t\t\t\t<div class=\"e-con-inner\">\n\t\t\t\t<div class=\"elementor-element elementor-element-0cc64e6 elementor-widget elementor-widget-image\" data-id=\"0cc64e6\" data-element_type=\"widget\" data-e-type=\"widget\" data-widget_type=\"image.default\">\n\t\t\t\t<div class=\"elementor-widget-container\">\n\t\t\t\t\t\t\t\t\t\t\t\t\t\t\t\t<a href=\"https:\/\/mentaltraining.at\/\" target=\"_blank\">\n\t\t\t\t\t\t\t<img decoding=\"async\" width=\"266\" height=\"167\" src=\"https:\/\/meditationen.mentaltraining.at\/wp-content\/uploads\/2025\/04\/mental.jpeg\" class=\"attachment-large size-large wp-image-209\" alt=\"\" \/>\t\t\t\t\t\t\t\t<\/a>\n\t\t\t\t\t\t\t\t\t\t\t\t\t\t\t<\/div>\n\t\t\t\t<\/div>\n\t\t\t\t\t<\/div>\n\t\t\t\t<\/div>\n\t\t\t\t<\/div>\n\t\t","protected":false},"excerpt":{"rendered":"<p>Dein Browser unterst\u00fctzt dieses Video-Format nicht. \ud83e\uddd8\u200d\u2640\ufe0f Meditationen f\u00fcr deinen Alltag \u2013 bald als MP3 erh\u00e4ltlich Deine mentale Auszeit \u2013 [&hellip;]<\/p>\n","protected":false},"author":1,"featured_media":0,"parent":0,"menu_order":0,"comment_status":"closed","ping_status":"closed","template":"","meta":{"om_disable_all_campaigns":false,"_monsterinsights_skip_tracking":false,"_monsterinsights_sitenote_active":false,"_monsterinsights_sitenote_note":"","_monsterinsights_sitenote_category":0,"_uf_show_specific_survey":0,"_uf_disable_surveys":false,"site-sidebar-layout":"default","site-content-layout":"","ast-site-content-layout":"default","site-content-style":"default","site-sidebar-style":"default","ast-global-header-display":"","ast-banner-title-visibility":"","ast-main-header-display":"","ast-hfb-above-header-display":"","ast-hfb-below-header-display":"","ast-hfb-mobile-header-display":"","site-post-title":"","ast-breadcrumbs-content":"","ast-featured-img":"","footer-sml-layout":"","ast-disable-related-posts":"","theme-transparent-header-meta":"","adv-header-id-meta":"","stick-header-meta":"","header-above-stick-meta":"","header-main-stick-meta":"","header-below-stick-meta":"","astra-migrate-meta-layouts":"default","ast-page-background-enabled":"default","ast-page-background-meta":{"desktop":{"background-color":"var(--ast-global-color-5)","background-image":"","background-repeat":"repeat","background-position":"center center","background-size":"auto","background-attachment":"scroll","background-type":"","background-media":"","overlay-type":"","overlay-color":"","overlay-opacity":"","overlay-gradient":""},"tablet":{"background-color":"","background-image":"","background-repeat":"repeat","background-position":"center center","background-size":"auto","background-attachment":"scroll","background-type":"","background-media":"","overlay-type":"","overlay-color":"","overlay-opacity":"","overlay-gradient":""},"mobile":{"background-color":"","background-image":"","background-repeat":"repeat","background-position":"center center","background-size":"auto","background-attachment":"scroll","background-type":"","background-media":"","overlay-type":"","overlay-color":"","overlay-opacity":"","overlay-gradient":""}},"ast-content-background-meta":{"desktop":{"background-color":"var(--ast-global-color-4)","background-image":"","background-repeat":"repeat","background-position":"center center","background-size":"auto","background-attachment":"scroll","background-type":"","background-media":"","overlay-type":"","overlay-color":"","overlay-opacity":"","overlay-gradient":""},"tablet":{"background-color":"var(--ast-global-color-4)","background-image":"","background-repeat":"repeat","background-position":"center center","background-size":"auto","background-attachment":"scroll","background-type":"","background-media":"","overlay-type":"","overlay-color":"","overlay-opacity":"","overlay-gradient":""},"mobile":{"background-color":"var(--ast-global-color-4)","background-image":"","background-repeat":"repeat","background-position":"center center","background-size":"auto","background-attachment":"scroll","background-type":"","background-media":"","overlay-type":"","overlay-color":"","overlay-opacity":"","overlay-gradient":""}},"iawp_total_views":70,"footnotes":""},"class_list":["post-31","page","type-page","status-publish","hentry"],"aioseo_notices":[],"yoast_head":"<!-- This site is optimized with the Yoast SEO plugin v26.9 - https:\/\/yoast.com\/product\/yoast-seo-wordpress\/ -->\n<title>Klangr\u00e4ume der Seele - Meditationen<\/title>\n<meta name=\"robots\" content=\"index, follow, max-snippet:-1, max-image-preview:large, max-video-preview:-1\" \/>\n<link rel=\"canonical\" href=\"https:\/\/meditationen.mentaltraining.at\/\" \/>\n<meta property=\"og:locale\" content=\"de_DE\" \/>\n<meta property=\"og:type\" content=\"article\" \/>\n<meta property=\"og:title\" content=\"Klangr\u00e4ume der Seele - Meditationen\" \/>\n<meta property=\"og:description\" content=\"Dein Browser unterst\u00fctzt dieses Video-Format nicht. \ud83e\uddd8\u200d\u2640\ufe0f Meditationen f\u00fcr deinen Alltag \u2013 bald als MP3 erh\u00e4ltlich Deine mentale Auszeit \u2013 [&hellip;]\" \/>\n<meta property=\"og:url\" content=\"https:\/\/meditationen.mentaltraining.at\/\" \/>\n<meta property=\"og:site_name\" content=\"Meditationen\" \/>\n<meta property=\"article:modified_time\" content=\"2025-04-29T17:55:10+00:00\" \/>\n<meta property=\"og:image\" content=\"https:\/\/meditationen.mentaltraining.at\/wp-content\/uploads\/2025\/04\/mental.jpeg\" \/>\n\t<meta property=\"og:image:width\" content=\"266\" \/>\n\t<meta property=\"og:image:height\" content=\"167\" \/>\n\t<meta property=\"og:image:type\" content=\"image\/jpeg\" \/>\n<meta name=\"twitter:card\" content=\"summary_large_image\" \/>\n<meta name=\"twitter:label1\" content=\"Gesch\u00e4tzte Lesezeit\" \/>\n\t<meta name=\"twitter:data1\" content=\"2\u00a0Minuten\" \/>\n<script type=\"application\/ld+json\" class=\"yoast-schema-graph\">{\"@context\":\"https:\/\/schema.org\",\"@graph\":[{\"@type\":\"WebPage\",\"@id\":\"https:\/\/meditationen.mentaltraining.at\/\",\"url\":\"https:\/\/meditationen.mentaltraining.at\/\",\"name\":\"Klangr\u00e4ume der Seele - Meditationen\",\"isPartOf\":{\"@id\":\"https:\/\/meditationen.mentaltraining.at\/#website\"},\"primaryImageOfPage\":{\"@id\":\"https:\/\/meditationen.mentaltraining.at\/#primaryimage\"},\"image\":{\"@id\":\"https:\/\/meditationen.mentaltraining.at\/#primaryimage\"},\"thumbnailUrl\":\"https:\/\/meditationen.mentaltraining.at\/wp-content\/uploads\/2025\/04\/mental.jpeg\",\"datePublished\":\"2025-04-24T20:24:14+00:00\",\"dateModified\":\"2025-04-29T17:55:10+00:00\",\"breadcrumb\":{\"@id\":\"https:\/\/meditationen.mentaltraining.at\/#breadcrumb\"},\"inLanguage\":\"de\",\"potentialAction\":[{\"@type\":\"ReadAction\",\"target\":[\"https:\/\/meditationen.mentaltraining.at\/\"]}]},{\"@type\":\"ImageObject\",\"inLanguage\":\"de\",\"@id\":\"https:\/\/meditationen.mentaltraining.at\/#primaryimage\",\"url\":\"https:\/\/meditationen.mentaltraining.at\/wp-content\/uploads\/2025\/04\/mental.jpeg\",\"contentUrl\":\"https:\/\/meditationen.mentaltraining.at\/wp-content\/uploads\/2025\/04\/mental.jpeg\",\"width\":266,\"height\":167},{\"@type\":\"BreadcrumbList\",\"@id\":\"https:\/\/meditationen.mentaltraining.at\/#breadcrumb\",\"itemListElement\":[{\"@type\":\"ListItem\",\"position\":1,\"name\":\"Startseite\",\"item\":\"https:\/\/meditationen.mentaltraining.at\/\"},{\"@type\":\"ListItem\",\"position\":2,\"name\":\"Klangr\u00e4ume der Seele\"}]},{\"@type\":\"WebSite\",\"@id\":\"https:\/\/meditationen.mentaltraining.at\/#website\",\"url\":\"https:\/\/meditationen.mentaltraining.at\/\",\"name\":\"Meditationen\",\"description\":\"Dein Weg zu innerer Ruhe &amp; Klarheit\",\"publisher\":{\"@id\":\"https:\/\/meditationen.mentaltraining.at\/#organization\"},\"potentialAction\":[{\"@type\":\"SearchAction\",\"target\":{\"@type\":\"EntryPoint\",\"urlTemplate\":\"https:\/\/meditationen.mentaltraining.at\/?s={search_term_string}\"},\"query-input\":{\"@type\":\"PropertyValueSpecification\",\"valueRequired\":true,\"valueName\":\"search_term_string\"}}],\"inLanguage\":\"de\"},{\"@type\":\"Organization\",\"@id\":\"https:\/\/meditationen.mentaltraining.at\/#organization\",\"name\":\"Meditationen\",\"url\":\"https:\/\/meditationen.mentaltraining.at\/\",\"logo\":{\"@type\":\"ImageObject\",\"inLanguage\":\"de\",\"@id\":\"https:\/\/meditationen.mentaltraining.at\/#\/schema\/logo\/image\/\",\"url\":\"https:\/\/meditationen.mentaltraining.at\/wp-content\/uploads\/2025\/04\/cropped-erwin.png\",\"contentUrl\":\"https:\/\/meditationen.mentaltraining.at\/wp-content\/uploads\/2025\/04\/cropped-erwin.png\",\"width\":320,\"height\":320,\"caption\":\"Meditationen\"},\"image\":{\"@id\":\"https:\/\/meditationen.mentaltraining.at\/#\/schema\/logo\/image\/\"}}]}<\/script>\n<!-- \/ Yoast SEO plugin. -->","yoast_head_json":{"title":"Klangr\u00e4ume der Seele - Meditationen","robots":{"index":"index","follow":"follow","max-snippet":"max-snippet:-1","max-image-preview":"max-image-preview:large","max-video-preview":"max-video-preview:-1"},"canonical":"https:\/\/meditationen.mentaltraining.at\/","og_locale":"de_DE","og_type":"article","og_title":"Klangr\u00e4ume der Seele - Meditationen","og_description":"Dein Browser unterst\u00fctzt dieses Video-Format nicht. \ud83e\uddd8\u200d\u2640\ufe0f Meditationen f\u00fcr deinen Alltag \u2013 bald als MP3 erh\u00e4ltlich Deine mentale Auszeit \u2013 [&hellip;]","og_url":"https:\/\/meditationen.mentaltraining.at\/","og_site_name":"Meditationen","article_modified_time":"2025-04-29T17:55:10+00:00","og_image":[{"width":266,"height":167,"url":"https:\/\/meditationen.mentaltraining.at\/wp-content\/uploads\/2025\/04\/mental.jpeg","type":"image\/jpeg"}],"twitter_card":"summary_large_image","twitter_misc":{"Gesch\u00e4tzte Lesezeit":"2\u00a0Minuten"},"schema":{"@context":"https:\/\/schema.org","@graph":[{"@type":"WebPage","@id":"https:\/\/meditationen.mentaltraining.at\/","url":"https:\/\/meditationen.mentaltraining.at\/","name":"Klangr\u00e4ume der Seele - Meditationen","isPartOf":{"@id":"https:\/\/meditationen.mentaltraining.at\/#website"},"primaryImageOfPage":{"@id":"https:\/\/meditationen.mentaltraining.at\/#primaryimage"},"image":{"@id":"https:\/\/meditationen.mentaltraining.at\/#primaryimage"},"thumbnailUrl":"https:\/\/meditationen.mentaltraining.at\/wp-content\/uploads\/2025\/04\/mental.jpeg","datePublished":"2025-04-24T20:24:14+00:00","dateModified":"2025-04-29T17:55:10+00:00","breadcrumb":{"@id":"https:\/\/meditationen.mentaltraining.at\/#breadcrumb"},"inLanguage":"de","potentialAction":[{"@type":"ReadAction","target":["https:\/\/meditationen.mentaltraining.at\/"]}]},{"@type":"ImageObject","inLanguage":"de","@id":"https:\/\/meditationen.mentaltraining.at\/#primaryimage","url":"https:\/\/meditationen.mentaltraining.at\/wp-content\/uploads\/2025\/04\/mental.jpeg","contentUrl":"https:\/\/meditationen.mentaltraining.at\/wp-content\/uploads\/2025\/04\/mental.jpeg","width":266,"height":167},{"@type":"BreadcrumbList","@id":"https:\/\/meditationen.mentaltraining.at\/#breadcrumb","itemListElement":[{"@type":"ListItem","position":1,"name":"Startseite","item":"https:\/\/meditationen.mentaltraining.at\/"},{"@type":"ListItem","position":2,"name":"Klangr\u00e4ume der Seele"}]},{"@type":"WebSite","@id":"https:\/\/meditationen.mentaltraining.at\/#website","url":"https:\/\/meditationen.mentaltraining.at\/","name":"Meditationen","description":"Dein Weg zu innerer Ruhe &amp; Klarheit","publisher":{"@id":"https:\/\/meditationen.mentaltraining.at\/#organization"},"potentialAction":[{"@type":"SearchAction","target":{"@type":"EntryPoint","urlTemplate":"https:\/\/meditationen.mentaltraining.at\/?s={search_term_string}"},"query-input":{"@type":"PropertyValueSpecification","valueRequired":true,"valueName":"search_term_string"}}],"inLanguage":"de"},{"@type":"Organization","@id":"https:\/\/meditationen.mentaltraining.at\/#organization","name":"Meditationen","url":"https:\/\/meditationen.mentaltraining.at\/","logo":{"@type":"ImageObject","inLanguage":"de","@id":"https:\/\/meditationen.mentaltraining.at\/#\/schema\/logo\/image\/","url":"https:\/\/meditationen.mentaltraining.at\/wp-content\/uploads\/2025\/04\/cropped-erwin.png","contentUrl":"https:\/\/meditationen.mentaltraining.at\/wp-content\/uploads\/2025\/04\/cropped-erwin.png","width":320,"height":320,"caption":"Meditationen"},"image":{"@id":"https:\/\/meditationen.mentaltraining.at\/#\/schema\/logo\/image\/"}}]}},"jetpack_sharing_enabled":true,"_links":{"self":[{"href":"https:\/\/meditationen.mentaltraining.at\/index.php?rest_route=\/wp\/v2\/pages\/31","targetHints":{"allow":["GET"]}}],"collection":[{"href":"https:\/\/meditationen.mentaltraining.at\/index.php?rest_route=\/wp\/v2\/pages"}],"about":[{"href":"https:\/\/meditationen.mentaltraining.at\/index.php?rest_route=\/wp\/v2\/types\/page"}],"author":[{"embeddable":true,"href":"https:\/\/meditationen.mentaltraining.at\/index.php?rest_route=\/wp\/v2\/users\/1"}],"replies":[{"embeddable":true,"href":"https:\/\/meditationen.mentaltraining.at\/index.php?rest_route=%2Fwp%2Fv2%2Fcomments&post=31"}],"version-history":[{"count":116,"href":"https:\/\/meditationen.mentaltraining.at\/index.php?rest_route=\/wp\/v2\/pages\/31\/revisions"}],"predecessor-version":[{"id":265,"href":"https:\/\/meditationen.mentaltraining.at\/index.php?rest_route=\/wp\/v2\/pages\/31\/revisions\/265"}],"wp:attachment":[{"href":"https:\/\/meditationen.mentaltraining.at\/index.php?rest_route=%2Fwp%2Fv2%2Fmedia&parent=31"}],"curies":[{"name":"wp","href":"https:\/\/api.w.org\/{rel}","templated":true}]}}